{"id":88,"date":"2021-01-06T05:36:08","date_gmt":"2021-01-06T05:36:08","guid":{"rendered":"https:\/\/ecem.edu.ar\/sitio\/?page_id=88"},"modified":"2025-06-02T10:52:25","modified_gmt":"2025-06-02T13:52:25","slug":"nivel-inicial","status":"publish","type":"page","link":"https:\/\/ecem.edu.ar\/sitio\/nivel-inicial\/","title":{"rendered":"Nivel Inicial"},"content":{"rendered":"\n<p class=\"has-medium-font-size\"><span class=\"has-inline-color has-vivid-red-color\">Solicitud de Admisi\u00f3n Nivel Inicial 2026.<\/span><\/p>\n\n\n\n<figure class=\"wp-block-image size-large\"><img fetchpriority=\"high\" decoding=\"async\" width=\"1024\" height=\"585\" src=\"https:\/\/ecem.edu.ar\/sitio\/wp-content\/uploads\/2025\/06\/1000305688-1024x585.jpg\" alt=\"\" class=\"wp-image-230\" srcset=\"https:\/\/ecem.edu.ar\/sitio\/wp-content\/uploads\/2025\/06\/1000305688-1024x585.jpg 1024w, https:\/\/ecem.edu.ar\/sitio\/wp-content\/uploads\/2025\/06\/1000305688-300x171.jpg 300w, https:\/\/ecem.edu.ar\/sitio\/wp-content\/uploads\/2025\/06\/1000305688-768x439.jpg 768w, https:\/\/ecem.edu.ar\/sitio\/wp-content\/uploads\/2025\/06\/1000305688.jpg 1050w\" sizes=\"(max-width: 1024px) 100vw, 1024px\" \/><\/figure>\n\n\n\n<p>Para solicitar la Admisi\u00f3n a Primaria 2026 complet\u00e1 el siguiente formulario:<\/p>\n\n\n\n<p id=\"yui_3_17_2_1_1683215123991_26\"><a href=\"https:\/\/forms.gle\/ptFWADLEuSFSj7669\" data-type=\"URL\" data-id=\"https:\/\/forms.gle\/ptFWADLEuSFSj7669\">Solicitud para admisi\u00f3n ECEM Nivel Inicial 2026.<\/a><\/p>\n","protected":false},"excerpt":{"rendered":"<p>Solicitud de Admisi\u00f3n Nivel Inicial 2026. Para solicitar la Admisi\u00f3n a Primaria 2026 complet\u00e1 el siguiente formulario: Solicitud para admisi\u00f3n ECEM Nivel Inicial 2026.<\/p>\n","protected":false},"author":1,"featured_media":0,"parent":0,"menu_order":0,"comment_status":"closed","ping_status":"closed","template":"","meta":{"footnotes":""},"class_list":["post-88","page","type-page","status-publish","hentry"],"_links":{"self":[{"href":"https:\/\/ecem.edu.ar\/sitio\/wp-json\/wp\/v2\/pages\/88","targetHints":{"allow":["GET"]}}],"collection":[{"href":"https:\/\/ecem.edu.ar\/sitio\/wp-json\/wp\/v2\/pages"}],"about":[{"href":"https:\/\/ecem.edu.ar\/sitio\/wp-json\/wp\/v2\/types\/page"}],"author":[{"embeddable":true,"href":"https:\/\/ecem.edu.ar\/sitio\/wp-json\/wp\/v2\/users\/1"}],"replies":[{"embeddable":true,"href":"https:\/\/ecem.edu.ar\/sitio\/wp-json\/wp\/v2\/comments?post=88"}],"version-history":[{"count":11,"href":"https:\/\/ecem.edu.ar\/sitio\/wp-json\/wp\/v2\/pages\/88\/revisions"}],"predecessor-version":[{"id":231,"href":"https:\/\/ecem.edu.ar\/sitio\/wp-json\/wp\/v2\/pages\/88\/revisions\/231"}],"wp:attachment":[{"href":"https:\/\/ecem.edu.ar\/sitio\/wp-json\/wp\/v2\/media?parent=88"}],"curies":[{"name":"wp","href":"https:\/\/api.w.org\/{rel}","templated":true}]}}