{"id":84,"date":"2021-01-06T05:30:45","date_gmt":"2021-01-06T05:30:45","guid":{"rendered":"https:\/\/ecem.edu.ar\/sitio\/?page_id=84"},"modified":"2025-06-02T10:49:51","modified_gmt":"2025-06-02T13:49:51","slug":"nivel-primario-materiales","status":"publish","type":"page","link":"https:\/\/ecem.edu.ar\/sitio\/primaria\/nivel-primario-materiales\/","title":{"rendered":"Nivel Primario &#8211; Materiales"},"content":{"rendered":"\n<h2 class=\"wp-block-heading\">Lista de materiales<\/h2>\n\n\n\n<p><\/p>\n\n\n\n<p><strong><u>PRIMER GRADO<\/u><\/strong><\/p>\n\n\n\n<p>&#8211;&nbsp;&nbsp;&nbsp;&nbsp;&nbsp;&nbsp;&nbsp;&nbsp;&nbsp; 3 cuadernos E3 N\u00ba3 de color azul de 50 hojas a rayas para Matem\u00e1tica<\/p>\n\n\n\n<p>&#8211;&nbsp;&nbsp;&nbsp;&nbsp;&nbsp;&nbsp;&nbsp;&nbsp;&nbsp; 2 cuadernos E3 N\u00ba3 de color rojo de 50 hojas a rayas para Lengua<\/p>\n\n\n\n<p>&#8211;&nbsp;&nbsp;&nbsp;&nbsp;&nbsp;&nbsp;&nbsp;&nbsp;&nbsp; 1 cuaderno n\u00ba3 E3 de color verde de 50 hojas a rayas para Conocimiento del Ambiente<\/p>\n\n\n\n<p>&#8211;&nbsp;&nbsp;&nbsp;&nbsp;&nbsp;&nbsp;&nbsp;&nbsp;&nbsp; 1 cartuchera de 1 o 2 pisos con organizador<\/p>\n\n\n\n<p>&#8211;&nbsp;&nbsp;&nbsp;&nbsp;&nbsp;&nbsp;&nbsp;&nbsp;&nbsp; L\u00e1piz, goma, sacapuntas, adhesivo vin\u00edlico<\/p>\n\n\n\n<p>&#8211;&nbsp;&nbsp;&nbsp;&nbsp;&nbsp;&nbsp;&nbsp;&nbsp;&nbsp; L\u00e1pices de colores, 1 regla, 1 tijera que corte bien<\/p>\n\n\n\n<p>&#8211;&nbsp;&nbsp;&nbsp;&nbsp;&nbsp;&nbsp;&nbsp;&nbsp;&nbsp; 1 marcador para pizarra negro, rojo o azul<\/p>\n\n\n\n<p>&#8211;&nbsp;&nbsp;&nbsp;&nbsp;&nbsp;&nbsp;&nbsp;&nbsp;&nbsp; 1\u00ba Trimestre, pegamento en barra, 2\u00ba y 3\u00ba trimestre, adhesivo vin\u00edlico<\/p>\n\n\n\n<p>&#8211;&nbsp;&nbsp;&nbsp;&nbsp;&nbsp;&nbsp;&nbsp;&nbsp;&nbsp; Para Pl\u00e1stica: 1 carpeta N\u00ba5 con aros y con r\u00f3tulo<\/p>\n\n\n\n<p>&#8211;&nbsp;&nbsp;&nbsp;&nbsp;&nbsp;&nbsp;&nbsp;&nbsp;&nbsp; 1 repuesto n\u00ba5 de hojas blancas<\/p>\n\n\n\n<p>&#8211;&nbsp;&nbsp;&nbsp;&nbsp;&nbsp;&nbsp;&nbsp;&nbsp;&nbsp; Sobres de papel glas\u00e9 (2 lustre y 2 metalizados)<\/p>\n\n\n\n<p>&#8211;&nbsp;&nbsp;&nbsp;&nbsp;&nbsp;&nbsp;&nbsp;&nbsp;&nbsp; Para Ingl\u00e9s: 1 cuaderno E3 de 50 hojas (forrado y con nombre) libro del a\u00f1o anterior.<\/p>\n\n\n\n<p>&#8211;&nbsp;&nbsp;&nbsp;&nbsp;&nbsp;&nbsp;&nbsp;&nbsp;&nbsp; Educaci\u00f3n Cristiana: Cuadernillo fotocopiado (monto a confirmar)<\/p>\n\n\n\n<p><strong><u>SEGUNDO GRADO<\/u><\/strong><\/p>\n\n\n\n<p>&#8211;&nbsp;&nbsp;&nbsp;&nbsp;&nbsp;&nbsp;&nbsp;&nbsp;&nbsp; <strong>Todo el material con nombre, Cuadernos forrados y con r\u00f3tulo<\/strong><\/p>\n\n\n\n<p>&#8211;&nbsp;&nbsp;&nbsp;&nbsp;&nbsp;&nbsp;&nbsp;&nbsp;&nbsp; 1 cuaderno E3 tapa dura de 50 hojas de color azul a rayas para Matem\u00e1tica<\/p>\n\n\n\n<p>&#8211;&nbsp;&nbsp;&nbsp;&nbsp;&nbsp;&nbsp;&nbsp;&nbsp;&nbsp; 1 cuaderno E3 tapa dura de 50 hojas de color rojo a rayas para Lengua<\/p>\n\n\n\n<p>&#8211;&nbsp;&nbsp;&nbsp;&nbsp;&nbsp;&nbsp;&nbsp;&nbsp;&nbsp; 1 cuaderno E3 tapa dura de 50 hojas de color verde a rayas para Conocimiento del Ambiente<\/p>\n\n\n\n<p>&#8211;&nbsp;&nbsp;&nbsp;&nbsp;&nbsp;&nbsp;&nbsp;&nbsp;&nbsp; 1 tijera que corte bien<\/p>\n\n\n\n<p>&#8211;&nbsp;&nbsp;&nbsp;&nbsp;&nbsp;&nbsp;&nbsp;&nbsp;&nbsp; 1 l\u00e1piz negro, sacapuntas, goma, l\u00e1pices de colores, regla y adhesivo vin\u00edlico<\/p>\n\n\n\n<p>&#8211;&nbsp;&nbsp;&nbsp;&nbsp;&nbsp;&nbsp;&nbsp;&nbsp;&nbsp; 1 diccionario escolar<\/p>\n\n\n\n<p>&#8211;&nbsp;&nbsp;&nbsp;&nbsp;&nbsp;&nbsp;&nbsp;&nbsp;&nbsp; Papel glas\u00e9<\/p>\n\n\n\n<p>&#8211;&nbsp;&nbsp;&nbsp;&nbsp;&nbsp;&nbsp;&nbsp;&nbsp;&nbsp; Libro y monto para fotocopias a confirmar en marzo<\/p>\n\n\n\n<p>&#8211;&nbsp;&nbsp;&nbsp;&nbsp;&nbsp;&nbsp;&nbsp;&nbsp;&nbsp; <strong><u>Para Educaci\u00f3n Pl\u00e1stica:<\/u><\/strong><\/p>\n\n\n\n<p>&#8211;&nbsp;&nbsp;&nbsp;&nbsp;&nbsp;&nbsp;&nbsp;&nbsp;&nbsp; 1 carpeta N\u00ba5 con aros y hojas con r\u00f3tulo<\/p>\n\n\n\n<p>&#8211;&nbsp;&nbsp;&nbsp;&nbsp;&nbsp;&nbsp;&nbsp;&nbsp;&nbsp; Papel glas\u00e9 (lustre y metalizado)<\/p>\n\n\n\n<p>&#8211;&nbsp;&nbsp;&nbsp;&nbsp;&nbsp;&nbsp;&nbsp;&nbsp;&nbsp; <strong>Ingl\u00e9s:<\/strong> Usar\u00e1n libro y cuaderno del a\u00f1o anterior<\/p>\n\n\n\n<p>&#8211;&nbsp;&nbsp;&nbsp;&nbsp;&nbsp;&nbsp;&nbsp;&nbsp;&nbsp; <strong>Ed Cristiana<\/strong>: Cuadernillo a confirmar<\/p>\n\n\n\n<p><strong><u>TERCER GRADO<\/u><\/strong><\/p>\n\n\n\n<p>&#8211;&nbsp;&nbsp;&nbsp;&nbsp;&nbsp;&nbsp;&nbsp;&nbsp;&nbsp; <strong>Todo el material con nombre, Cuadernos forrados y con r\u00f3tulo<\/strong><\/p>\n\n\n\n<p>&#8211;&nbsp;&nbsp;&nbsp;&nbsp;&nbsp;&nbsp;&nbsp;&nbsp;&nbsp; 1 cuaderno E3 tapa dura de 50 hojas de color azul a rayas para Matem\u00e1tica<\/p>\n\n\n\n<p>&#8211;&nbsp;&nbsp;&nbsp;&nbsp;&nbsp;&nbsp;&nbsp;&nbsp;&nbsp; 1 cuaderno E3 tapa dura de 50 hojas de color rojo a rayas para Lengua<\/p>\n\n\n\n<p>&#8211;&nbsp;&nbsp;&nbsp;&nbsp;&nbsp;&nbsp;&nbsp;&nbsp;&nbsp; 1 cuaderno E3 tapa dura de 50 hojas de color verde a rayas para Conocimiento del Ambiente<\/p>\n\n\n\n<p>&#8211;&nbsp;&nbsp;&nbsp;&nbsp;&nbsp;&nbsp;&nbsp;&nbsp;&nbsp; 1 tijera que corte bien, punta redonda<\/p>\n\n\n\n<p>&#8211;&nbsp;&nbsp;&nbsp;&nbsp;&nbsp;&nbsp;&nbsp;&nbsp;&nbsp; 1 l\u00e1piz negro, sacapuntas, goma, l\u00e1pices de colores, regla y adhesivo vin\u00edlico<\/p>\n\n\n\n<p>&#8211;&nbsp;&nbsp;&nbsp;&nbsp;&nbsp;&nbsp;&nbsp;&nbsp;&nbsp; 1 diccionario escolar<\/p>\n\n\n\n<p>&#8211;&nbsp;&nbsp;&nbsp;&nbsp;&nbsp;&nbsp;&nbsp;&nbsp;&nbsp; Papel glas\u00e9<\/p>\n\n\n\n<p>&#8211;&nbsp;&nbsp;&nbsp;&nbsp;&nbsp;&nbsp;&nbsp;&nbsp;&nbsp; Libro y monto para fotocopias a confirmar en marzo<\/p>\n\n\n\n<p>&#8211;&nbsp;&nbsp;&nbsp;&nbsp;&nbsp;&nbsp;&nbsp;&nbsp;&nbsp; <strong><u>Para Educaci\u00f3n Pl\u00e1stica:<\/u><\/strong><\/p>\n\n\n\n<p>&#8211;&nbsp;&nbsp;&nbsp;&nbsp;&nbsp;&nbsp;&nbsp;&nbsp;&nbsp; 1 carpeta N\u00ba5 con aros y hojas con r\u00f3tulo<\/p>\n\n\n\n<p>&#8211;&nbsp;&nbsp;&nbsp;&nbsp;&nbsp;&nbsp;&nbsp;&nbsp;&nbsp; Papel glas\u00e9 (lustre y metalizado)<\/p>\n\n\n\n<p>&#8211;&nbsp;&nbsp;&nbsp;&nbsp;&nbsp;&nbsp;&nbsp;&nbsp;&nbsp; <strong>Ingl\u00e9s:<\/strong> Usar\u00e1n libro y cuaderno del a\u00f1o anterior<\/p>\n\n\n\n<p>&#8211;&nbsp;&nbsp;&nbsp;&nbsp;&nbsp;&nbsp;&nbsp;&nbsp;&nbsp; <strong>Ed Cristiana<\/strong>: Cuadernillo a confirmar<\/p>\n\n\n\n<p><strong><u>CUARTO GRADO<\/u><\/strong><\/p>\n\n\n\n<p>&#8211;&nbsp;&nbsp;&nbsp;&nbsp;&nbsp;&nbsp;&nbsp;&nbsp;&nbsp; 1 carpeta N\u00ba3 con hojas a cuadros para Matem\u00e1tica y con hojas a rayas para C Naturales<\/p>\n\n\n\n<p>&#8211;&nbsp;&nbsp;&nbsp;&nbsp;&nbsp;&nbsp;&nbsp;&nbsp;&nbsp; 1 carpeta N\u00ba3 con hojas a rayas para C Sociales y Lengua<\/p>\n\n\n\n<p>&#8211;&nbsp;&nbsp;&nbsp;&nbsp;&nbsp;&nbsp;&nbsp;&nbsp;&nbsp; 1 tijera que corte bien, 1 l\u00e1piz HB, 1 bol\u00edgrafo azul, 1goma para borrar l\u00e1piz y tinta<\/p>\n\n\n\n<p>&#8211;&nbsp;&nbsp;&nbsp;&nbsp;&nbsp;&nbsp;&nbsp;&nbsp;&nbsp; 1 corrector, 1 sacapuntas, l\u00e1pices de colores<\/p>\n\n\n\n<p>&#8211;&nbsp;&nbsp;&nbsp;&nbsp;&nbsp;&nbsp;&nbsp;&nbsp;&nbsp; 1 regla de 30 cm, 1 transportador, 1 escuadra y 1 comp\u00e1s<\/p>\n\n\n\n<p>&#8211;&nbsp;&nbsp;&nbsp;&nbsp;&nbsp;&nbsp;&nbsp;&nbsp;&nbsp; 1 sobre de papel glas\u00e9, 2 marcadores resaltadores<\/p>\n\n\n\n<p>&#8211;&nbsp;&nbsp;&nbsp;&nbsp;&nbsp;&nbsp;&nbsp;&nbsp;&nbsp; Para Pl\u00e1stica: Carpeta N\u00ba5 con aros y hojas<\/p>\n\n\n\n<p>&#8211;&nbsp;&nbsp;&nbsp;&nbsp;&nbsp;&nbsp;&nbsp;&nbsp;&nbsp; Para Ingl\u00e9s: Se usar\u00e1n los libros del a\u00f1o anterior y carpeta o cuaderno.<\/p>\n\n\n\n<p>&#8211;&nbsp;&nbsp;&nbsp;&nbsp;&nbsp;&nbsp;&nbsp;&nbsp;&nbsp; Educaci\u00f3n Cristiana: Cuadernillo a confirmar<\/p>\n\n\n\n<p><strong><u>QUINTO GRADO<\/u><\/strong><\/p>\n\n\n\n<p>&#8211;&nbsp;&nbsp;&nbsp;&nbsp;&nbsp;&nbsp;&nbsp;&nbsp;&nbsp; 1 carpeta N\u00ba3 con hojas a cuadros para Matem\u00e1tica y con hojas a rayas para C Naturales<\/p>\n\n\n\n<p>&#8211;&nbsp;&nbsp;&nbsp;&nbsp;&nbsp;&nbsp;&nbsp;&nbsp;&nbsp; 1 carpeta N\u00ba3 con hojas a rayas para C Sociales y Lengua<\/p>\n\n\n\n<p>&#8211;&nbsp;&nbsp;&nbsp;&nbsp;&nbsp;&nbsp;&nbsp;&nbsp;&nbsp; 1 tijera que corte bien, 1 l\u00e1piz HB, 1 bol\u00edgrafo azul, 1goma para borrar l\u00e1piz y tinta<\/p>\n\n\n\n<p>&#8211;&nbsp;&nbsp;&nbsp;&nbsp;&nbsp;&nbsp;&nbsp;&nbsp;&nbsp; 1 corrector, 1 sacapuntas, l\u00e1pices de colores<\/p>\n\n\n\n<p>&#8211;&nbsp;&nbsp;&nbsp;&nbsp;&nbsp;&nbsp;&nbsp;&nbsp;&nbsp; 1 regla de 30 cm, 1 transportador, 1 escuadra y 1 comp\u00e1s<\/p>\n\n\n\n<p>&#8211;&nbsp;&nbsp;&nbsp;&nbsp;&nbsp;&nbsp;&nbsp;&nbsp;&nbsp; 1 sobre de papel glas\u00e9, 2 marcadores resaltadores<\/p>\n\n\n\n<p>&#8211;&nbsp;&nbsp;&nbsp;&nbsp;&nbsp;&nbsp;&nbsp;&nbsp;&nbsp; Para Pl\u00e1stica: Carpeta N\u00ba5 con aros y hojas<\/p>\n\n\n\n<p>&#8211;&nbsp;&nbsp;&nbsp;&nbsp;&nbsp;&nbsp;&nbsp;&nbsp;&nbsp; Para Ingl\u00e9s: Se usar\u00e1n los libros del a\u00f1o anterior y carpeta o cuaderno.<\/p>\n\n\n\n<p>&#8211;&nbsp;&nbsp;&nbsp;&nbsp;&nbsp;&nbsp;&nbsp;&nbsp;&nbsp; Educaci\u00f3n Cristiana: Cuadernillo a confirmar<\/p>\n\n\n\n<p><strong><u>SEXTO GRADO<\/u><\/strong><\/p>\n\n\n\n<p>&#8211;&nbsp;&nbsp;&nbsp;&nbsp;&nbsp;&nbsp;&nbsp;&nbsp;&nbsp; 1 carpeta N\u00ba3 con hojas a cuadros para Matem\u00e1tica y con hojas a rayas para C Naturales<\/p>\n\n\n\n<p>&#8211;&nbsp;&nbsp;&nbsp;&nbsp;&nbsp;&nbsp;&nbsp;&nbsp;&nbsp; 1 carpeta N\u00ba3 con hojas a rayas para C Sociales y Lengua<\/p>\n\n\n\n<p>&#8211;&nbsp;&nbsp;&nbsp;&nbsp;&nbsp;&nbsp;&nbsp;&nbsp;&nbsp; 1 tijera que corte bien, 1 l\u00e1piz HB, 1 bol\u00edgrafo azul, 1goma para borrar l\u00e1piz y tinta<\/p>\n\n\n\n<p>&#8211;&nbsp;&nbsp;&nbsp;&nbsp;&nbsp;&nbsp;&nbsp;&nbsp;&nbsp; 1 corrector, 1 sacapuntas, l\u00e1pices de colores<\/p>\n\n\n\n<p>&#8211;&nbsp;&nbsp;&nbsp;&nbsp;&nbsp;&nbsp;&nbsp;&nbsp;&nbsp; 1 regla de 30 cm, 1 transportador, 1 escuadra y 1 comp\u00e1s<\/p>\n\n\n\n<p>&#8211;&nbsp;&nbsp;&nbsp;&nbsp;&nbsp;&nbsp;&nbsp;&nbsp;&nbsp; 1 sobre de papel glas\u00e9, 2 marcadores resaltadores<\/p>\n\n\n\n<p>&#8211;&nbsp;&nbsp;&nbsp;&nbsp;&nbsp;&nbsp;&nbsp;&nbsp;&nbsp; Para Pl\u00e1stica: Carpeta N\u00ba5 con aros y hojas<\/p>\n\n\n\n<p>&#8211;&nbsp;&nbsp;&nbsp;&nbsp;&nbsp;&nbsp;&nbsp;&nbsp;&nbsp; Para Ingl\u00e9s: Se usar\u00e1n los libros del a\u00f1o anterior y carpeta o cuaderno.<\/p>\n\n\n\n<p>&#8211;&nbsp;&nbsp;&nbsp;&nbsp;&nbsp;&nbsp;&nbsp;&nbsp;&nbsp; Educaci\u00f3n Cristiana: Cuadernillo a confirmar<\/p>\n\n\n\n<p><strong><u>SEPTIMO GRADO<\/u><\/strong><\/p>\n\n\n\n<p>&#8211;&nbsp;&nbsp;&nbsp;&nbsp;&nbsp;&nbsp;&nbsp;&nbsp;&nbsp; 1 carpeta N\u00ba3 con hojas a cuadros para Matem\u00e1tica y con hojas a rayas para C Naturales<\/p>\n\n\n\n<p>&#8211;&nbsp;&nbsp;&nbsp;&nbsp;&nbsp;&nbsp;&nbsp;&nbsp;&nbsp; 1 carpeta N\u00ba3 con hojas a rayas para C Sociales y Lengua<\/p>\n\n\n\n<p>&#8211;&nbsp;&nbsp;&nbsp;&nbsp;&nbsp;&nbsp;&nbsp;&nbsp;&nbsp; 1 tijera que corte bien, 1 l\u00e1piz HB, 1 bol\u00edgrafo azul, 1goma para borrar l\u00e1piz y tinta<\/p>\n\n\n\n<p>&#8211;&nbsp;&nbsp;&nbsp;&nbsp;&nbsp;&nbsp;&nbsp;&nbsp;&nbsp; 1 corrector, 1 sacapuntas, l\u00e1pices de colores<\/p>\n\n\n\n<p>&#8211;&nbsp;&nbsp;&nbsp;&nbsp;&nbsp;&nbsp;&nbsp;&nbsp;&nbsp; 1 regla de 30 cm, 1 transportador, 1 escuadra y 1 comp\u00e1s<\/p>\n\n\n\n<p>&#8211;&nbsp;&nbsp;&nbsp;&nbsp;&nbsp;&nbsp;&nbsp;&nbsp;&nbsp; 1 sobre de papel glas\u00e9, 2 marcadores resaltadores<\/p>\n\n\n\n<p>&#8211;&nbsp;&nbsp;&nbsp;&nbsp;&nbsp;&nbsp;&nbsp;&nbsp;&nbsp; Para Pl\u00e1stica: Carpeta N\u00ba5 con aros y hojas<\/p>\n\n\n\n<p>&#8211;&nbsp;&nbsp;&nbsp;&nbsp;&nbsp;&nbsp;&nbsp;&nbsp;&nbsp; Para Ingl\u00e9s: Se usar\u00e1n los libros del a\u00f1o anterior y carpeta o cuaderno. Educaci\u00f3n Cristiana: Cuadernillo a confirmar<\/p>\n","protected":false},"excerpt":{"rendered":"<p>Lista de materiales PRIMER GRADO &#8211;&nbsp;&nbsp;&nbsp;&nbsp;&nbsp;&nbsp;&nbsp;&nbsp;&nbsp; 3 cuadernos E3 N\u00ba3 de color azul de 50 hojas a rayas para Matem\u00e1tica &#8211;&nbsp;&nbsp;&nbsp;&nbsp;&nbsp;&nbsp;&nbsp;&nbsp;&nbsp; 2 cuadernos E3 N\u00ba3 de color rojo de 50 hojas a rayas para Lengua &#8211;&nbsp;&nbsp;&nbsp;&nbsp;&nbsp;&nbsp;&nbsp;&nbsp;&nbsp; 1 cuaderno n\u00ba3 E3 de color verde de 50 hojas a rayas para Conocimiento del Ambiente &#8211;&nbsp;&nbsp;&nbsp;&nbsp;&nbsp;&nbsp;&nbsp;&nbsp;&nbsp; 1 cartuchera&hellip; <br \/> <a class=\"button small blue\" href=\"https:\/\/ecem.edu.ar\/sitio\/primaria\/nivel-primario-materiales\/\">Leer m\u00e1s<\/a><\/p>\n","protected":false},"author":1,"featured_media":0,"parent":18,"menu_order":0,"comment_status":"closed","ping_status":"closed","template":"","meta":{"footnotes":""},"class_list":["post-84","page","type-page","status-publish","hentry"],"_links":{"self":[{"href":"https:\/\/ecem.edu.ar\/sitio\/wp-json\/wp\/v2\/pages\/84","targetHints":{"allow":["GET"]}}],"collection":[{"href":"https:\/\/ecem.edu.ar\/sitio\/wp-json\/wp\/v2\/pages"}],"about":[{"href":"https:\/\/ecem.edu.ar\/sitio\/wp-json\/wp\/v2\/types\/page"}],"author":[{"embeddable":true,"href":"https:\/\/ecem.edu.ar\/sitio\/wp-json\/wp\/v2\/users\/1"}],"replies":[{"embeddable":true,"href":"https:\/\/ecem.edu.ar\/sitio\/wp-json\/wp\/v2\/comments?post=84"}],"version-history":[{"count":4,"href":"https:\/\/ecem.edu.ar\/sitio\/wp-json\/wp\/v2\/pages\/84\/revisions"}],"predecessor-version":[{"id":232,"href":"https:\/\/ecem.edu.ar\/sitio\/wp-json\/wp\/v2\/pages\/84\/revisions\/232"}],"up":[{"embeddable":true,"href":"https:\/\/ecem.edu.ar\/sitio\/wp-json\/wp\/v2\/pages\/18"}],"wp:attachment":[{"href":"https:\/\/ecem.edu.ar\/sitio\/wp-json\/wp\/v2\/media?parent=84"}],"curies":[{"name":"wp","href":"https:\/\/api.w.org\/{rel}","templated":true}]}}