{"id":17,"date":"2021-01-05T23:44:59","date_gmt":"2021-01-05T23:44:59","guid":{"rendered":"https:\/\/ecem.edu.ar\/sitio\/?page_id=17"},"modified":"2025-06-02T10:42:37","modified_gmt":"2025-06-02T13:42:37","slug":"nivel-inicial-materiales","status":"publish","type":"page","link":"https:\/\/ecem.edu.ar\/sitio\/nivel-inicial\/nivel-inicial-materiales\/","title":{"rendered":"Nivel Inicial &#8211; Materiales"},"content":{"rendered":"\n<h2 class=\"wp-block-heading\" id=\"yui_3_17_2_1_1609910438575_20\">Lista de materiales<\/h2>\n\n\n\n<p><strong>Lista de materiales Nivel Inicial<\/strong><\/p>\n\n\n\n<p><strong>Sala de 5 a\u00f1os:<\/strong><\/p>\n\n\n\n<p>&#8211;&nbsp;&nbsp;&nbsp;&nbsp;&nbsp;&nbsp;&nbsp;&nbsp;&nbsp; 1 cuaderno a rayas, para tareas, tama\u00f1o E3, forrado en color azul.<\/p>\n\n\n\n<p>&#8211;&nbsp;&nbsp;&nbsp;&nbsp;&nbsp;&nbsp;&nbsp;&nbsp;&nbsp; 1 carpeta para trabajar, que se comprar\u00e1 en la secretaria de la escuela.<\/p>\n\n\n\n<p>&#8211;&nbsp;&nbsp;&nbsp;&nbsp;&nbsp;&nbsp;&nbsp;&nbsp;&nbsp; 1 cartuchera canopla (es parecida a un cuaderno, con cierre) adentro de ella va:<\/p>\n\n\n\n<p>\u00b7&nbsp;&nbsp;&nbsp;&nbsp;&nbsp;&nbsp;&nbsp;&nbsp; 1 l\u00e1piz negro, 1 sacapuntas y 1 goma<\/p>\n\n\n\n<p>\u00b7&nbsp;&nbsp;&nbsp;&nbsp;&nbsp;&nbsp;&nbsp;&nbsp; 12 colores largos.<\/p>\n\n\n\n<p>\u00b7&nbsp;&nbsp;&nbsp;&nbsp;&nbsp;&nbsp;&nbsp;&nbsp; 1 tijera con filo<\/p>\n\n\n\n<p>\u00b7&nbsp;&nbsp;&nbsp;&nbsp;&nbsp;&nbsp;&nbsp;&nbsp; 1 plasticola peque\u00f1a.<\/p>\n\n\n\n<p><strong>Todo debe tener nombre del alumno, debe estar guardado adentro de la cartuchera, la cual tambi\u00e9n, debe tener el nombre, no iniciales.<\/strong><\/p>\n\n\n\n<p>&#8211;&nbsp;&nbsp;&nbsp;&nbsp;&nbsp;&nbsp;&nbsp;&nbsp;&nbsp; 2 sobres de papel glas\u00e9.<\/p>\n\n\n\n<p>&#8211;&nbsp;&nbsp;&nbsp;&nbsp;&nbsp;&nbsp;&nbsp;&nbsp;&nbsp; 1 pincel, para trabajar con t\u00e9mperas.<\/p>\n\n\n\n<p>&#8211;&nbsp;&nbsp;&nbsp;&nbsp;&nbsp;&nbsp;&nbsp;&nbsp;&nbsp; 1 caja de t\u00e9mperas peque\u00f1as (de varios colores)<\/p>\n\n\n\n<p>&#8211;&nbsp;&nbsp;&nbsp;&nbsp;&nbsp;&nbsp;&nbsp;&nbsp;&nbsp; Fibras o fibrones, al agua.<\/p>\n\n\n\n<p>&#8211;&nbsp;&nbsp;&nbsp;&nbsp;&nbsp;&nbsp;&nbsp;&nbsp;&nbsp; Plastilinas<\/p>\n\n\n\n<p>&#8211;&nbsp;&nbsp;&nbsp;&nbsp;&nbsp;&nbsp;&nbsp;&nbsp;&nbsp; 1 caja de crayones<\/p>\n\n\n\n<p>MATERIAS ESPECIALES:<\/p>\n\n\n\n<p>&#8211;&nbsp;&nbsp;&nbsp;&nbsp;&nbsp;&nbsp;&nbsp;&nbsp;&nbsp; ED. CRISTIANA, CUADERNILLO A CONFIRMAR EN MARZO<\/p>\n\n\n\n<p>&#8211;&nbsp;&nbsp;&nbsp;&nbsp;&nbsp;&nbsp;&nbsp;&nbsp;&nbsp; ED. MUSICAL, MATERIALES AL IR TRANSCURRIENDO EL A\u00d1O.<\/p>\n\n\n\n<p>&#8211;&nbsp;&nbsp;&nbsp;&nbsp;&nbsp;&nbsp;&nbsp;&nbsp;&nbsp; INGL\u00c9S: 10 HOJAS LISAS A4, LIBRO \u201cJUMP IN A\u201d (se terminar\u00e1 el libro que se comenz\u00f3 en el a\u00f1o 2020 salita de 4, en la sala de 5 \u201cJUMP IN A\u201d).<\/p>\n\n\n\n<p>&#8211;&nbsp;&nbsp;&nbsp;&nbsp;&nbsp;&nbsp;&nbsp;&nbsp;&nbsp; ED PL\u00c1STICA, OCUPAR\u00c1 LOS MATERIALES QUE SE PIDEN ANTERIORMENTE.<\/p>\n\n\n\n<div class=\"wp-block-image\"><figure class=\"aligncenter size-large is-resized\"><img fetchpriority=\"high\" decoding=\"async\" src=\"https:\/\/ecem.edu.ar\/sitio\/wp-content\/uploads\/2021\/01\/jardin_sillas_50.jpg\" alt=\"\" class=\"wp-image-61\" width=\"319\" height=\"242\" srcset=\"https:\/\/ecem.edu.ar\/sitio\/wp-content\/uploads\/2021\/01\/jardin_sillas_50.jpg 739w, https:\/\/ecem.edu.ar\/sitio\/wp-content\/uploads\/2021\/01\/jardin_sillas_50-300x229.jpg 300w\" sizes=\"(max-width: 319px) 100vw, 319px\" \/><\/figure><\/div>\n","protected":false},"excerpt":{"rendered":"<p>Lista de materiales Lista de materiales Nivel Inicial Sala de 5 a\u00f1os: &#8211;&nbsp;&nbsp;&nbsp;&nbsp;&nbsp;&nbsp;&nbsp;&nbsp;&nbsp; 1 cuaderno a rayas, para tareas, tama\u00f1o E3, forrado en color azul. &#8211;&nbsp;&nbsp;&nbsp;&nbsp;&nbsp;&nbsp;&nbsp;&nbsp;&nbsp; 1 carpeta para trabajar, que se comprar\u00e1 en la secretaria de la escuela. &#8211;&nbsp;&nbsp;&nbsp;&nbsp;&nbsp;&nbsp;&nbsp;&nbsp;&nbsp; 1 cartuchera canopla (es parecida a un cuaderno, con cierre) adentro de ella va: \u00b7&nbsp;&nbsp;&nbsp;&nbsp;&nbsp;&nbsp;&nbsp;&nbsp;&hellip; <br \/> <a class=\"button small blue\" href=\"https:\/\/ecem.edu.ar\/sitio\/nivel-inicial\/nivel-inicial-materiales\/\">Leer m\u00e1s<\/a><\/p>\n","protected":false},"author":1,"featured_media":0,"parent":88,"menu_order":0,"comment_status":"closed","ping_status":"closed","template":"","meta":{"footnotes":""},"class_list":["post-17","page","type-page","status-publish","hentry"],"_links":{"self":[{"href":"https:\/\/ecem.edu.ar\/sitio\/wp-json\/wp\/v2\/pages\/17","targetHints":{"allow":["GET"]}}],"collection":[{"href":"https:\/\/ecem.edu.ar\/sitio\/wp-json\/wp\/v2\/pages"}],"about":[{"href":"https:\/\/ecem.edu.ar\/sitio\/wp-json\/wp\/v2\/types\/page"}],"author":[{"embeddable":true,"href":"https:\/\/ecem.edu.ar\/sitio\/wp-json\/wp\/v2\/users\/1"}],"replies":[{"embeddable":true,"href":"https:\/\/ecem.edu.ar\/sitio\/wp-json\/wp\/v2\/comments?post=17"}],"version-history":[{"count":6,"href":"https:\/\/ecem.edu.ar\/sitio\/wp-json\/wp\/v2\/pages\/17\/revisions"}],"predecessor-version":[{"id":226,"href":"https:\/\/ecem.edu.ar\/sitio\/wp-json\/wp\/v2\/pages\/17\/revisions\/226"}],"up":[{"embeddable":true,"href":"https:\/\/ecem.edu.ar\/sitio\/wp-json\/wp\/v2\/pages\/88"}],"wp:attachment":[{"href":"https:\/\/ecem.edu.ar\/sitio\/wp-json\/wp\/v2\/media?parent=17"}],"curies":[{"name":"wp","href":"https:\/\/api.w.org\/{rel}","templated":true}]}}